{"id":1203,"date":"2010-12-20T10:40:59","date_gmt":"2010-12-20T08:40:59","guid":{"rendered":"https:\/\/blog.andere-sichtweise.de\/"},"modified":"2010-12-20T16:01:49","modified_gmt":"2010-12-20T14:01:49","slug":"vergangens","status":"publish","type":"page","link":"https:\/\/blog.andere-sichtweise.de\/?page_id=1203","title":{"rendered":"Vergangenes"},"content":{"rendered":"<p style=\"text-align: justify;\"><img loading=\"lazy\" decoding=\"async\" class=\"alignright size-thumbnail wp-image-737\" src=\"https:\/\/blog.andere-sichtweise.de\/wp-content\/uploads\/2010\/11\/flashback-150x150.jpg\" alt=\"\" width=\"150\" height=\"150\" \/>Hier kann man sich also \u00fcber &#8222;Vergangenes&#8220; informieren. Nein, nein&#8230; ich werde hier nicht die Weltgeschichte neu erz\u00e4hlen  :grin1_ee:. Hier k\u00f6nnt ihr euch nur einen \u00dcberblick \u00fcber meine vergangenen Beitr\u00e4ge machen.<\/p>\n<p style=\"text-align: justify;\">Also viel Spa\u00df beim St\u00f6bern!<\/p>\n<hr \/>\n<ul>\n<li><a title=\"List of all entries\" href=\"https:\/\/blog.andere-sichtweise.de\/vergangens\/list-of-all-entries\/\" target=\"_self\">List of all entries&#8230;<\/a><\/li>\n<li><a title=\"Flashbacks\" href=\"https:\/\/blog.andere-sichtweise.de\/vergangens\/wochenrueckblicke\/\" target=\"_self\">Wochenr\u00fcckblicke \/ Flashbacks<\/a><\/li>\n<li><a title=\"Archive-Timeline\" href=\"https:\/\/blog.andere-sichtweise.de\/archive-timeline\/\" target=\"_self\">Archive-Timeline<\/a><\/li>\n<\/ul>\n","protected":false},"excerpt":{"rendered":"<p>Hier kann man sich also \u00fcber &#8222;Vergangenes&#8220; informieren. Nein, nein&#8230; ich werde hier nicht die Weltgeschichte neu erz\u00e4hlen :grin1_ee:. Hier k\u00f6nnt ihr euch nur einen \u00dcberblick \u00fcber meine vergangenen Beitr\u00e4ge machen. Also viel Spa\u00df beim St\u00f6bern! List of all entries&#8230; Wochenr\u00fcckblicke \/ Flashbacks Archive-Timeline<\/p>\n","protected":false},"author":1,"featured_media":0,"parent":0,"menu_order":4,"comment_status":"closed","ping_status":"open","template":"","meta":{"footnotes":""},"class_list":["post-1203","page","type-page","status-publish","hentry"],"_links":{"self":[{"href":"https:\/\/blog.andere-sichtweise.de\/index.php?rest_route=\/wp\/v2\/pages\/1203","targetHints":{"allow":["GET"]}}],"collection":[{"href":"https:\/\/blog.andere-sichtweise.de\/index.php?rest_route=\/wp\/v2\/pages"}],"about":[{"href":"https:\/\/blog.andere-sichtweise.de\/index.php?rest_route=\/wp\/v2\/types\/page"}],"author":[{"embeddable":true,"href":"https:\/\/blog.andere-sichtweise.de\/index.php?rest_route=\/wp\/v2\/users\/1"}],"replies":[{"embeddable":true,"href":"https:\/\/blog.andere-sichtweise.de\/index.php?rest_route=%2Fwp%2Fv2%2Fcomments&post=1203"}],"version-history":[{"count":7,"href":"https:\/\/blog.andere-sichtweise.de\/index.php?rest_route=\/wp\/v2\/pages\/1203\/revisions"}],"predecessor-version":[{"id":1300,"href":"https:\/\/blog.andere-sichtweise.de\/index.php?rest_route=\/wp\/v2\/pages\/1203\/revisions\/1300"}],"wp:attachment":[{"href":"https:\/\/blog.andere-sichtweise.de\/index.php?rest_route=%2Fwp%2Fv2%2Fmedia&parent=1203"}],"curies":[{"name":"wp","href":"https:\/\/api.w.org\/{rel}","templated":true}]}}