{"id":2,"date":"2010-10-28T11:24:28","date_gmt":"2010-10-28T11:24:28","guid":{"rendered":"https:\/\/blog.andere-sichtweise.de\/?page_id=2"},"modified":"2010-11-09T14:24:07","modified_gmt":"2010-11-09T12:24:07","slug":"eine-seite","status":"publish","type":"page","link":"https:\/\/blog.andere-sichtweise.de\/?page_id=2","title":{"rendered":"About Me"},"content":{"rendered":"<p style=\"text-align: justify;\">\n<h3 style=\"text-align: justify;\"><img loading=\"lazy\" decoding=\"async\" class=\"alignright size-full wp-image-292\" src=\"https:\/\/blog.andere-sichtweise.de\/wp-content\/uploads\/2010\/10\/aboutme.png\" alt=\"\" width=\"256\" height=\"256\" srcset=\"https:\/\/blog.andere-sichtweise.de\/wp-content\/uploads\/2010\/10\/aboutme.png 256w, https:\/\/blog.andere-sichtweise.de\/wp-content\/uploads\/2010\/10\/aboutme-150x150.png 150w\" sizes=\"auto, (max-width: 256px) 100vw, 256px\" \/>Andre Grahl<\/h3>\n<p style=\"text-align: justify;\">Die technische Herausforderung Software zu entwickeln, die  Business Prozesse unterst\u00fctzt oder Business Probleme l\u00f6st, wird  vermutlich immer f\u00fcr mich reizvoll sein. Jedoch hat sich mein  Hauptinteresse vor einige Jahren von Computern zu einem weitaus  interessanteren Aspekt des Lebens verlagert: <strong><em>Menschen<\/em><\/strong>. Ich  mag es der &#8222;Mann in der Mitte&#8220; zu sein, der zwischen der IT-Welt und  der Business-Welt vermittelt. Mein momentaner Job hat etwas von Beidem.<br \/>\n<figure id=\"attachment_21\" aria-describedby=\"caption-attachment-21\" style=\"width: 181px\" class=\"wp-caption alignleft\"><a title=\"Andre Grahl\" rel=\"lytebox[agrahl]\" href=\"https:\/\/blog.andere-sichtweise.de\/wp-content\/uploads\/2010\/11\/agrahl.jpg\"><img loading=\"lazy\" decoding=\"async\" class=\"size-medium wp-image-21      \" style=\"margin-right: 10px;\" title=\"agrahl\" src=\"https:\/\/blog.andere-sichtweise.de\/wp-content\/uploads\/2010\/11\/agrahl-259x300.jpg\" alt=\"Andre Grahl\" width=\"181\" height=\"210\" srcset=\"https:\/\/blog.andere-sichtweise.de\/wp-content\/uploads\/2010\/11\/agrahl-259x300.jpg 259w, https:\/\/blog.andere-sichtweise.de\/wp-content\/uploads\/2010\/11\/agrahl.jpg 622w\" sizes=\"auto, (max-width: 181px) 100vw, 181px\" \/><\/a><figcaption id=\"caption-attachment-21\" class=\"wp-caption-text\">Andre Grahl<\/figcaption><\/figure><br \/>\n  Ich mag es in einem funktionierenden Team zu arbeiten und eine leitende  Funktion zu \u00fcbernehmen.<\/p>\n<p style=\"text-align: justify;\">Bei den letzten Projekten, in denen ich beteiligt war, handelte es  sich um Migrationsprojekte. Ein altes (sog. Legacy) Billing-System  sollte auf ein europaweites strategisches Billing-System migriert werden  und ich habe hier die Rolle des Projektmanagers \u00fcbernommen. In diesen  Projekten wurden alle meine Interessen bedient. Es wurden die  Bed\u00fcrfnisse des Business aufgenommen, die i.d.R. sehr business-like  erl\u00e4utert wurden. Alle Anforderungen wurden technisch detailliert in  Anforderungsdokumenten erfasst und in Zusammenarbeit mit der  IT-Abteilung wurden m\u00f6gliche Umsetzung entworfen.<br \/>\nZus\u00e4tzlich zur technischen und menschlichen Herausforderung konnte  ich mich in diesen Projekten auch mit einem weiteren sehr interessanten  Aspekt besch\u00e4ftigen: <strong><em>das Projektmanagement<\/em><\/strong>.<\/p>\n<p style=\"text-align: justify;\">Um eine erfolgreiche Projektdurchf\u00fchrung zu gew\u00e4hrleisten ben\u00f6tigt der Projektmanager<\/p>\n<p style=\"text-align: justify; padding-left: 30px;\">\u2022 gute Kenntnisse des Projektmanagements,<br \/>\n\u2022 allgemeines Managementwissen und<br \/>\n\u2022 produktspezifisches Wissen,<br \/>\n\u2022 Ausdauer und Belastbarkeit,<br \/>\n\u2022 eine ganzheitliche und nachhaltige Denkweise<br \/>\n\u2022 soziale, kommunikative und sozialkompetente F\u00e4higkeiten<\/p>\n<p style=\"text-align: justify;\">Eine sehr reizvolle, wenn auch anstrengende, Aufgabe. Die mich nun  seit einiger Zeit ausf\u00fcllt und begeistert, da sie alle meine Interessen  zusammenfasst.<\/p>\n<p style=\"text-align: justify;\">\n<p style=\"text-align: justify;\"><img loading=\"lazy\" decoding=\"async\" class=\"aligncenter size-full wp-image-278\" src=\"https:\/\/blog.andere-sichtweise.de\/wp-content\/uploads\/2010\/11\/Line-WHITE.png\" alt=\"\" width=\"300\" height=\"9\" \/><\/p>\n<h3 style=\"text-align: justify;\">Der Ausgleich<\/h3>\n<p style=\"text-align: justify;\">Vor einiger Zeit habe ich angefangen mich mit der digitalen Fotografie und der digitalen Fotobearbeitung zu besch\u00e4ftigen.<\/p>\n<blockquote>\n<p style=\"text-align: justify;\">&#8222;<em>Jeder kann  knipsen. Auch ein Automat. Aber nicht jeder kann beobachten.  Photographieren ist nur insofern Kunst, als sich seiner die Kunst des  Beobachtens bedient. Beobachten ist ein elementar dichterischer Vorgang.  Auch die Wirklichkeit muss geformt werden, will man sie zum Sprechen  bringen.<\/em>&#8220; (F. D\u00fcrrenmatt, 1921-1990).<\/p>\n<p style=\"text-align: justify;\">\n<\/blockquote>\n<p style=\"text-align: justify;\">Der Reiz liegt hier in der Beobachtung und in der Ruhe. Einen kleinen \u00dcberblick \u00fcber meine Photos bekommt man auf:<\/p>\n<p style=\"padding-left: 60px;\"><a href=\"http:\/\/www.andere-sichtweise.de\/\" target=\"_blank\">http:\/\/www.andere-sichtweise.de<\/a><\/p>\n<p style=\"text-align: justify;\">Ebenso habe ich vor einiger Zeit angefangen Gitarre zu lernen und  mit Freunden zu musizieren. Hierbei steht jedoch der Spa\u00df im Vordergrund  und wir sagen von uns selber: &#8222;<em>We call it jazz cause we ain&#8217;t better&#8230;<\/em>&#8222;.<\/p>\n","protected":false},"excerpt":{"rendered":"<p>Andre Grahl Die technische Herausforderung Software zu entwickeln, die Business Prozesse unterst\u00fctzt oder Business Probleme l\u00f6st, wird vermutlich immer f\u00fcr mich reizvoll sein. Jedoch hat sich mein Hauptinteresse vor einige Jahren von Computern zu einem weitaus interessanteren Aspekt des Lebens verlagert: Menschen. Ich mag es der &#8222;Mann in der Mitte&#8220; zu sein, der zwischen der [&hellip;]<\/p>\n","protected":false},"author":1,"featured_media":0,"parent":107,"menu_order":1,"comment_status":"closed","ping_status":"open","template":"","meta":{"footnotes":""},"class_list":["post-2","page","type-page","status-publish","hentry"],"_links":{"self":[{"href":"https:\/\/blog.andere-sichtweise.de\/index.php?rest_route=\/wp\/v2\/pages\/2","targetHints":{"allow":["GET"]}}],"collection":[{"href":"https:\/\/blog.andere-sichtweise.de\/index.php?rest_route=\/wp\/v2\/pages"}],"about":[{"href":"https:\/\/blog.andere-sichtweise.de\/index.php?rest_route=\/wp\/v2\/types\/page"}],"author":[{"embeddable":true,"href":"https:\/\/blog.andere-sichtweise.de\/index.php?rest_route=\/wp\/v2\/users\/1"}],"replies":[{"embeddable":true,"href":"https:\/\/blog.andere-sichtweise.de\/index.php?rest_route=%2Fwp%2Fv2%2Fcomments&post=2"}],"version-history":[{"count":16,"href":"https:\/\/blog.andere-sichtweise.de\/index.php?rest_route=\/wp\/v2\/pages\/2\/revisions"}],"predecessor-version":[{"id":7,"href":"https:\/\/blog.andere-sichtweise.de\/index.php?rest_route=\/wp\/v2\/pages\/2\/revisions\/7"}],"up":[{"embeddable":true,"href":"https:\/\/blog.andere-sichtweise.de\/index.php?rest_route=\/wp\/v2\/pages\/107"}],"wp:attachment":[{"href":"https:\/\/blog.andere-sichtweise.de\/index.php?rest_route=%2Fwp%2Fv2%2Fmedia&parent=2"}],"curies":[{"name":"wp","href":"https:\/\/api.w.org\/{rel}","templated":true}]}}