{"id":238,"date":"2010-11-08T16:52:22","date_gmt":"2010-11-08T14:52:22","guid":{"rendered":"https:\/\/blog.andere-sichtweise.de\/?page_id=238"},"modified":"2010-12-20T10:42:05","modified_gmt":"2010-12-20T08:42:05","slug":"archive-timeline","status":"publish","type":"page","link":"https:\/\/blog.andere-sichtweise.de\/?page_id=238","title":{"rendered":"Archive &#8211; Timeline"},"content":{"rendered":"<h3><img loading=\"lazy\" decoding=\"async\" class=\"alignright size-full wp-image-298\" src=\"https:\/\/blog.andere-sichtweise.de\/wp-content\/uploads\/2010\/11\/book.png\" alt=\"\" width=\"175\" height=\"136\" \/>Das Archive<\/h3>\n<p style=\"text-align: justify;\">Hier mal eine kleine \u00dcbersicht \u00fcber die Artikel, die sich in meinem Archiv finden. Ich wei\u00df, ich wei\u00df &#8230; zur Zeit ist das Archiv noch wirklich sehr \u00fcbersichtlich, aber ich hoffe ja mal schwer, das sich das im Laufe der Zeit \u00e4ndern wird. Wie ihr sicherlich schon erkennen k\u00f6nnt, kann es auch durchaus vorkommen, das ich an ein und dem selben Tag mehrere Beitr\u00e4ge einstelle &#8230; also viel Spa\u00df beim St\u00f6bern&#8230;<\/p>\n<p>[tla]<\/p>\n","protected":false},"excerpt":{"rendered":"<p>Das Archive Hier mal eine kleine \u00dcbersicht \u00fcber die Artikel, die sich in meinem Archiv finden. Ich wei\u00df, ich wei\u00df &#8230; zur Zeit ist das Archiv noch wirklich sehr \u00fcbersichtlich, aber ich hoffe ja mal schwer, das sich das im Laufe der Zeit \u00e4ndern wird. Wie ihr sicherlich schon erkennen k\u00f6nnt, kann es auch durchaus [&hellip;]<\/p>\n","protected":false},"author":1,"featured_media":0,"parent":1203,"menu_order":4,"comment_status":"closed","ping_status":"open","template":"","meta":{"footnotes":""},"class_list":["post-238","page","type-page","status-publish","hentry"],"_links":{"self":[{"href":"https:\/\/blog.andere-sichtweise.de\/index.php?rest_route=\/wp\/v2\/pages\/238","targetHints":{"allow":["GET"]}}],"collection":[{"href":"https:\/\/blog.andere-sichtweise.de\/index.php?rest_route=\/wp\/v2\/pages"}],"about":[{"href":"https:\/\/blog.andere-sichtweise.de\/index.php?rest_route=\/wp\/v2\/types\/page"}],"author":[{"embeddable":true,"href":"https:\/\/blog.andere-sichtweise.de\/index.php?rest_route=\/wp\/v2\/users\/1"}],"replies":[{"embeddable":true,"href":"https:\/\/blog.andere-sichtweise.de\/index.php?rest_route=%2Fwp%2Fv2%2Fcomments&post=238"}],"version-history":[{"count":15,"href":"https:\/\/blog.andere-sichtweise.de\/index.php?rest_route=\/wp\/v2\/pages\/238\/revisions"}],"predecessor-version":[{"id":301,"href":"https:\/\/blog.andere-sichtweise.de\/index.php?rest_route=\/wp\/v2\/pages\/238\/revisions\/301"}],"up":[{"embeddable":true,"href":"https:\/\/blog.andere-sichtweise.de\/index.php?rest_route=\/wp\/v2\/pages\/1203"}],"wp:attachment":[{"href":"https:\/\/blog.andere-sichtweise.de\/index.php?rest_route=%2Fwp%2Fv2%2Fmedia&parent=238"}],"curies":[{"name":"wp","href":"https:\/\/api.w.org\/{rel}","templated":true}]}}