{"id":619,"date":"2010-11-20T01:29:37","date_gmt":"2010-11-19T23:29:37","guid":{"rendered":"https:\/\/blog.andere-sichtweise.de\/"},"modified":"2010-11-20T01:35:15","modified_gmt":"2010-11-19T23:35:15","slug":"holly-3","status":"publish","type":"page","link":"https:\/\/blog.andere-sichtweise.de\/?page_id=619","title":{"rendered":"Holly"},"content":{"rendered":"<p style=\"text-align: justify;\"><img loading=\"lazy\" decoding=\"async\" class=\"alignright size-full wp-image-419\" src=\"https:\/\/blog.andere-sichtweise.de\/wp-content\/uploads\/2010\/11\/Holly.png\" alt=\"\" width=\"150\" height=\"150\" \/>So! Da bin ich also. Ich bin Holly und noch gar nicht wirklich da :) Ich werde voraussichtlich im Januar 2011 viel,viel mehr berichten k\u00f6nnen, denn momentan nehme ich die Welt noch ged\u00e4mpft war.<\/p>\n<p style=\"text-align: justify;\">Schaut euch doch einfach mal meine Beitr\u00e4ge an und ich w\u00fcnsche Euch viel Spa\u00df beim Lesen.<\/p>\n<h4 style=\"text-align: justify;\">Eure Holly<\/h4>\n","protected":false},"excerpt":{"rendered":"<p>So! Da bin ich also. Ich bin Holly und noch gar nicht wirklich da :) Ich werde voraussichtlich im Januar 2011 viel,viel mehr berichten k\u00f6nnen, denn momentan nehme ich die Welt noch ged\u00e4mpft war. Schaut euch doch einfach mal meine Beitr\u00e4ge an und ich w\u00fcnsche Euch viel Spa\u00df beim Lesen. Eure Holly<\/p>\n","protected":false},"author":3,"featured_media":0,"parent":0,"menu_order":3,"comment_status":"closed","ping_status":"open","template":"","meta":{"footnotes":""},"class_list":["post-619","page","type-page","status-publish","hentry"],"_links":{"self":[{"href":"https:\/\/blog.andere-sichtweise.de\/index.php?rest_route=\/wp\/v2\/pages\/619","targetHints":{"allow":["GET"]}}],"collection":[{"href":"https:\/\/blog.andere-sichtweise.de\/index.php?rest_route=\/wp\/v2\/pages"}],"about":[{"href":"https:\/\/blog.andere-sichtweise.de\/index.php?rest_route=\/wp\/v2\/types\/page"}],"author":[{"embeddable":true,"href":"https:\/\/blog.andere-sichtweise.de\/index.php?rest_route=\/wp\/v2\/users\/3"}],"replies":[{"embeddable":true,"href":"https:\/\/blog.andere-sichtweise.de\/index.php?rest_route=%2Fwp%2Fv2%2Fcomments&post=619"}],"version-history":[{"count":3,"href":"https:\/\/blog.andere-sichtweise.de\/index.php?rest_route=\/wp\/v2\/pages\/619\/revisions"}],"predecessor-version":[{"id":626,"href":"https:\/\/blog.andere-sichtweise.de\/index.php?rest_route=\/wp\/v2\/pages\/619\/revisions\/626"}],"wp:attachment":[{"href":"https:\/\/blog.andere-sichtweise.de\/index.php?rest_route=%2Fwp%2Fv2%2Fmedia&parent=619"}],"curies":[{"name":"wp","href":"https:\/\/api.w.org\/{rel}","templated":true}]}}